{"id":4954,"date":"2024-12-06T10:02:35","date_gmt":"2024-12-06T10:02:35","guid":{"rendered":"https:\/\/www.hds.bme.hu\/applications\/"},"modified":"2025-09-30T20:46:34","modified_gmt":"2025-09-30T18:46:34","slug":"applications","status":"publish","type":"page","link":"https:\/\/www.hds.bme.hu\/en\/research\/applications\/","title":{"rendered":"Projects"},"content":{"rendered":"<div class=\"fusion-fullwidth fullwidth-box fusion-builder-row-1 fusion-flex-container has-pattern-background has-mask-background nonhundred-percent-fullwidth non-hundred-percent-height-scrolling\" style=\"--link_hover_color: var(--awb-color5);--link_color: var(--awb-color7);--awb-border-radius-top-left:0px;--awb-border-radius-top-right:0px;--awb-border-radius-bottom-right:0px;--awb-border-radius-bottom-left:0px;--awb-padding-top-medium:94px;--awb-padding-bottom-medium:94px;--awb-padding-top-small:72px;--awb-padding-bottom-small:80px;--awb-background-color:var(--awb-color4);--awb-flex-wrap:wrap;\" ><div class=\"fusion-builder-row fusion-row fusion-flex-align-items-stretch fusion-flex-content-wrap\" style=\"max-width:1144px;margin-left: calc(-4% \/ 2 );margin-right: calc(-4% \/ 2 );\"><div class=\"fusion-layout-column fusion_builder_column fusion-builder-column-0 fusion_builder_column_1_2 1_2 fusion-flex-column\" style=\"--awb-padding-top:20px;--awb-padding-right:36px;--awb-padding-bottom:10px;--awb-padding-left:36px;--awb-overflow:hidden;--awb-bg-color:var(--awb-color1);--awb-bg-color-hover:var(--awb-color1);--awb-bg-size:cover;--awb-box-shadow:0px 2px 4px -1px hsla(var(--awb-color8-h),var(--awb-color8-s),var(--awb-color8-l),calc( var(--awb-color8-a) - 92% ));;--awb-border-color:hsla(var(--awb-color8-h),var(--awb-color8-s),var(--awb-color8-l),calc( var(--awb-color8-a) - 92% ));--awb-border-right:1px;--awb-border-bottom:1px;--awb-border-left:1px;--awb-border-style:solid;--awb-border-radius:8px 8px 8px 8px;--awb-width-large:50%;--awb-margin-top-large:20px;--awb-spacing-right-large:20px;--awb-margin-bottom-large:20px;--awb-spacing-left-large:20px;--awb-width-medium:50%;--awb-order-medium:0;--awb-margin-top-medium:10px;--awb-spacing-right-medium:10px;--awb-margin-bottom-medium:10px;--awb-spacing-left-medium:10px;--awb-width-small:100%;--awb-order-small:0;--awb-spacing-right-small:1.92%;--awb-spacing-left-small:1.92%;\"><div class=\"fusion-column-wrapper fusion-column-has-shadow fusion-flex-justify-content-flex-start fusion-content-layout-column\"><div class=\"fusion-separator fusion-full-width-sep\" style=\"align-self: center;margin-left: auto;margin-right: auto;flex-grow:1;width:100%;\"><\/div><div class=\"fusion-image-element \" style=\"text-align:center;--awb-max-width:200px;--awb-caption-title-font-family:var(--h2_typography-font-family);--awb-caption-title-font-weight:var(--h2_typography-font-weight);--awb-caption-title-font-style:var(--h2_typography-font-style);--awb-caption-title-size:var(--h2_typography-font-size);--awb-caption-title-transform:var(--h2_typography-text-transform);--awb-caption-title-line-height:var(--h2_typography-line-height);--awb-caption-title-letter-spacing:var(--h2_typography-letter-spacing);\"><span class=\" fusion-imageframe imageframe-none imageframe-1 hover-type-none\" style=\"border-radius:12px;\"><img decoding=\"async\" width=\"2059\" height=\"1582\" title=\"Gemini-Logo-Blauw-12\" src=\"https:\/\/www.hds.bme.hu\/wp-content\/uploads\/Gemini-Logo-Blauw-12.webp\" data-orig-src=\"https:\/\/www.hds.bme.hu\/wp-content\/uploads\/Gemini-Logo-Blauw-12.webp\" alt class=\"lazyload img-responsive wp-image-8166\" srcset=\"data:image\/svg+xml,%3Csvg%20xmlns%3D%27http%3A%2F%2Fwww.w3.org%2F2000%2Fsvg%27%20width%3D%272059%27%20height%3D%271582%27%20viewBox%3D%270%200%202059%201582%27%3E%3Crect%20width%3D%272059%27%20height%3D%271582%27%20fill-opacity%3D%220%22%2F%3E%3C%2Fsvg%3E\" data-srcset=\"https:\/\/www.hds.bme.hu\/wp-content\/uploads\/Gemini-Logo-Blauw-12-200x154.webp 200w, https:\/\/www.hds.bme.hu\/wp-content\/uploads\/Gemini-Logo-Blauw-12-400x307.webp 400w, https:\/\/www.hds.bme.hu\/wp-content\/uploads\/Gemini-Logo-Blauw-12-600x461.webp 600w, https:\/\/www.hds.bme.hu\/wp-content\/uploads\/Gemini-Logo-Blauw-12-800x615.webp 800w, https:\/\/www.hds.bme.hu\/wp-content\/uploads\/Gemini-Logo-Blauw-12-1200x922.webp 1200w, https:\/\/www.hds.bme.hu\/wp-content\/uploads\/Gemini-Logo-Blauw-12.webp 2059w\" data-sizes=\"auto\" data-orig-sizes=\"(max-width: 640px) 100vw, 600px\" \/><\/span><\/div><div class=\"fusion-separator fusion-full-width-sep\" style=\"align-self: center;margin-left: auto;margin-right: auto;flex-grow:1;width:100%;\"><\/div><div class=\"fusion-title title fusion-title-1 fusion-sep-none fusion-title-text fusion-title-size-three\" style=\"--awb-margin-bottom:10px;--awb-margin-top-small:10px;--awb-margin-right-small:0px;--awb-margin-bottom-small:20px;--awb-margin-left-small:0px;\"><h3 class=\"fusion-title-heading title-heading-left fusion-responsive-typography-calculated\" style=\"margin:0;--fontSize:36;line-height:1.3;\">GEMINI-DTH<\/h3><\/div><div class=\"fusion-text fusion-text-1\" style=\"--awb-font-size:18px;\"><p><span data-teams=\"true\">Multi-scale digit\u00e1lis ikrek \u00faj gener\u00e1ci\u00f3ja iszk\u00e9mi\u00e1s \u00e9s v\u00e9rz\u00e9ses stroke-ban szenved\u0151 betegek sz\u00e1m\u00e1ra.<br \/>\nValid\u00e1lt, betegspecifikus kezel\u00e9s szimul\u00e1ci\u00f3k fejleszt\u00e9se agyi aneurizm\u00e1k \u00e1raml\u00e1sm\u00f3dos\u00edt\u00f3 eszk\u00f6zzel t\u00f6rt\u00e9n\u0151 kezel\u00e9s\u00e9re<\/span><\/p>\n<\/div><div class=\"fusion-title title fusion-title-2 fusion-sep-none fusion-title-text fusion-title-size-four\" style=\"--awb-margin-top-small:10px;--awb-margin-right-small:0px;--awb-margin-bottom-small:20px;--awb-margin-left-small:0px;\"><h4 class=\"fusion-title-heading title-heading-left fusion-responsive-typography-calculated\" style=\"margin:0;--fontSize:24;--minFontSize:24;line-height:1.42;\"><a href=\"https:\/\/dth-gemini.eu\/\">dth-gemini.eu<\/a><\/h4><\/div><\/div><\/div><div class=\"fusion-layout-column fusion_builder_column fusion-builder-column-1 fusion_builder_column_1_2 1_2 fusion-flex-column\" style=\"--awb-padding-top:20px;--awb-padding-right:36px;--awb-padding-bottom:10px;--awb-padding-left:36px;--awb-overflow:hidden;--awb-bg-color:var(--awb-color1);--awb-bg-color-hover:var(--awb-color1);--awb-bg-size:cover;--awb-box-shadow:0px 2px 4px -1px hsla(var(--awb-color8-h),var(--awb-color8-s),var(--awb-color8-l),calc( var(--awb-color8-a) - 92% ));;--awb-border-color:hsla(var(--awb-color8-h),var(--awb-color8-s),var(--awb-color8-l),calc( var(--awb-color8-a) - 92% ));--awb-border-right:1px;--awb-border-bottom:1px;--awb-border-left:1px;--awb-border-style:solid;--awb-border-radius:8px 8px 8px 8px;--awb-width-large:50%;--awb-margin-top-large:20px;--awb-spacing-right-large:20px;--awb-margin-bottom-large:20px;--awb-spacing-left-large:20px;--awb-width-medium:50%;--awb-order-medium:0;--awb-margin-top-medium:10px;--awb-spacing-right-medium:10px;--awb-margin-bottom-medium:10px;--awb-spacing-left-medium:10px;--awb-width-small:100%;--awb-order-small:0;--awb-spacing-right-small:1.92%;--awb-spacing-left-small:1.92%;\"><div class=\"fusion-column-wrapper fusion-column-has-shadow fusion-flex-justify-content-flex-start fusion-content-layout-column\"><div class=\"fusion-separator fusion-full-width-sep\" style=\"align-self: center;margin-left: auto;margin-right: auto;flex-grow:1;width:100%;\"><\/div><div class=\"fusion-image-element \" style=\"text-align:center;--awb-max-width:400px;--awb-caption-title-font-family:var(--h2_typography-font-family);--awb-caption-title-font-weight:var(--h2_typography-font-weight);--awb-caption-title-font-style:var(--h2_typography-font-style);--awb-caption-title-size:var(--h2_typography-font-size);--awb-caption-title-transform:var(--h2_typography-text-transform);--awb-caption-title-line-height:var(--h2_typography-line-height);--awb-caption-title-letter-spacing:var(--h2_typography-letter-spacing);\"><span class=\" fusion-imageframe imageframe-none imageframe-2 hover-type-none\" style=\"border-radius:12px;\"><img decoding=\"async\" width=\"1000\" height=\"275\" title=\"logo-insilico-world-1000&#215;1000-1-e1671445534895\" src=\"https:\/\/www.hds.bme.hu\/wp-content\/uploads\/logo-insilico-world-1000x1000-1-e1671445534895.webp\" data-orig-src=\"https:\/\/www.hds.bme.hu\/wp-content\/uploads\/logo-insilico-world-1000x1000-1-e1671445534895.webp\" alt class=\"lazyload img-responsive wp-image-8167\" srcset=\"data:image\/svg+xml,%3Csvg%20xmlns%3D%27http%3A%2F%2Fwww.w3.org%2F2000%2Fsvg%27%20width%3D%271000%27%20height%3D%27275%27%20viewBox%3D%270%200%201000%20275%27%3E%3Crect%20width%3D%271000%27%20height%3D%27275%27%20fill-opacity%3D%220%22%2F%3E%3C%2Fsvg%3E\" data-srcset=\"https:\/\/www.hds.bme.hu\/wp-content\/uploads\/logo-insilico-world-1000x1000-1-e1671445534895-200x55.webp 200w, https:\/\/www.hds.bme.hu\/wp-content\/uploads\/logo-insilico-world-1000x1000-1-e1671445534895-400x110.webp 400w, https:\/\/www.hds.bme.hu\/wp-content\/uploads\/logo-insilico-world-1000x1000-1-e1671445534895-600x165.webp 600w, https:\/\/www.hds.bme.hu\/wp-content\/uploads\/logo-insilico-world-1000x1000-1-e1671445534895-800x220.webp 800w, https:\/\/www.hds.bme.hu\/wp-content\/uploads\/logo-insilico-world-1000x1000-1-e1671445534895.webp 1000w\" data-sizes=\"auto\" data-orig-sizes=\"(max-width: 640px) 100vw, 600px\" \/><\/span><\/div><div class=\"fusion-separator fusion-full-width-sep\" style=\"align-self: center;margin-left: auto;margin-right: auto;flex-grow:1;width:100%;\"><\/div><div class=\"fusion-title title fusion-title-3 fusion-sep-none fusion-title-text fusion-title-size-three\" style=\"--awb-margin-bottom:10px;--awb-margin-top-small:10px;--awb-margin-right-small:0px;--awb-margin-bottom-small:20px;--awb-margin-left-small:0px;\"><h3 class=\"fusion-title-heading title-heading-left fusion-responsive-typography-calculated\" style=\"margin:0;--fontSize:36;line-height:1.3;\">In Silico World<\/h3><\/div><div class=\"fusion-text fusion-text-2\" style=\"--awb-font-size:18px;\"><p>Promoting the widespread application of In Silico studies.<br \/>\nDevelopment of an in silico tool for the virtual treatment of cerebral aneurysms using flow-modifying stents.Az In Silico vizsg\u00e1latok sz\u00e9les k\u00f6r\u0171 alkalmaz\u00e1s\u00e1nak el\u0151seg\u00edt\u00e9se.<br \/>Egy in silico eszk\u00f6z kifejleszt\u00e9se agyi aneurizm\u00e1k virtu\u00e1lis \u00e1raml\u00e1sm\u00f3dos\u00edt\u00f3 sztenttel t\u00f6rt\u00e9n\u0151 kezel\u00e9s\u00e9re.<\/p>\n<\/div><div class=\"fusion-title title fusion-title-4 fusion-sep-none fusion-title-text fusion-title-size-four\" style=\"--awb-margin-top-small:10px;--awb-margin-right-small:0px;--awb-margin-bottom-small:20px;--awb-margin-left-small:0px;\"><h4 class=\"fusion-title-heading title-heading-left fusion-responsive-typography-calculated\" style=\"margin:0;--fontSize:24;--minFontSize:24;line-height:1.42;\"><a href=\"https:\/\/insilico.world\/\">insilico.world<\/a><\/h4><\/div><\/div><\/div><\/div><\/div>\n\n","protected":false},"excerpt":{"rendered":"","protected":false},"author":2,"featured_media":0,"parent":5082,"menu_order":0,"comment_status":"closed","ping_status":"closed","template":"100-width.php","meta":{"footnotes":""},"class_list":["post-4954","page","type-page","status-publish","hentry"],"yoast_head":"<!-- This site is optimized with the Yoast SEO plugin v27.3 - https:\/\/yoast.com\/product\/yoast-seo-wordpress\/ -->\n<title>Projects - BME Department of Hydrodynamic Systems<\/title>\n<meta name=\"robots\" content=\"index, follow, max-snippet:-1, max-image-preview:large, max-video-preview:-1\" \/>\n<link rel=\"canonical\" href=\"https:\/\/www.hds.bme.hu\/en\/research\/applications\/\" \/>\n<meta property=\"og:locale\" content=\"en_US\" \/>\n<meta property=\"og:type\" content=\"article\" \/>\n<meta property=\"og:title\" content=\"Projects - BME Department of Hydrodynamic Systems\" \/>\n<meta property=\"og:url\" content=\"https:\/\/www.hds.bme.hu\/en\/research\/applications\/\" \/>\n<meta property=\"og:site_name\" content=\"BME Department of Hydrodynamic Systems\" \/>\n<meta property=\"article:modified_time\" content=\"2025-09-30T18:46:34+00:00\" \/>\n<meta name=\"twitter:card\" content=\"summary_large_image\" \/>\n<meta name=\"twitter:label1\" content=\"Est. reading time\" \/>\n\t<meta name=\"twitter:data1\" content=\"1 minute\" \/>\n<script type=\"application\/ld+json\" class=\"yoast-schema-graph\">{\"@context\":\"https:\\\/\\\/schema.org\",\"@graph\":[{\"@type\":\"WebPage\",\"@id\":\"https:\\\/\\\/www.hds.bme.hu\\\/en\\\/research\\\/applications\\\/\",\"url\":\"https:\\\/\\\/www.hds.bme.hu\\\/en\\\/research\\\/applications\\\/\",\"name\":\"Projects - BME Department of Hydrodynamic Systems\",\"isPartOf\":{\"@id\":\"https:\\\/\\\/www.hds.bme.hu\\\/en\\\/#website\"},\"datePublished\":\"2024-12-06T10:02:35+00:00\",\"dateModified\":\"2025-09-30T18:46:34+00:00\",\"breadcrumb\":{\"@id\":\"https:\\\/\\\/www.hds.bme.hu\\\/en\\\/research\\\/applications\\\/#breadcrumb\"},\"inLanguage\":\"en-US\",\"potentialAction\":[{\"@type\":\"ReadAction\",\"target\":[\"https:\\\/\\\/www.hds.bme.hu\\\/en\\\/research\\\/applications\\\/\"]}]},{\"@type\":\"BreadcrumbList\",\"@id\":\"https:\\\/\\\/www.hds.bme.hu\\\/en\\\/research\\\/applications\\\/#breadcrumb\",\"itemListElement\":[{\"@type\":\"ListItem\",\"position\":1,\"name\":\"Kezd\u0151lap\",\"item\":\"https:\\\/\\\/www.hds.bme.hu\\\/en\\\/home\\\/\"},{\"@type\":\"ListItem\",\"position\":2,\"name\":\"Research\",\"item\":\"https:\\\/\\\/www.hds.bme.hu\\\/en\\\/research\\\/\"},{\"@type\":\"ListItem\",\"position\":3,\"name\":\"Projects\"}]},{\"@type\":\"WebSite\",\"@id\":\"https:\\\/\\\/www.hds.bme.hu\\\/en\\\/#website\",\"url\":\"https:\\\/\\\/www.hds.bme.hu\\\/en\\\/\",\"name\":\"BME Hidrodinamikai Rendszerek Tansz\u00e9k\",\"description\":\"\",\"publisher\":{\"@id\":\"https:\\\/\\\/www.hds.bme.hu\\\/en\\\/#organization\"},\"potentialAction\":[{\"@type\":\"SearchAction\",\"target\":{\"@type\":\"EntryPoint\",\"urlTemplate\":\"https:\\\/\\\/www.hds.bme.hu\\\/en\\\/?s={search_term_string}\"},\"query-input\":{\"@type\":\"PropertyValueSpecification\",\"valueRequired\":true,\"valueName\":\"search_term_string\"}}],\"inLanguage\":\"en-US\"},{\"@type\":\"Organization\",\"@id\":\"https:\\\/\\\/www.hds.bme.hu\\\/en\\\/#organization\",\"name\":\"BME Department of Hydrodynamic Systems\",\"url\":\"https:\\\/\\\/www.hds.bme.hu\\\/en\\\/\",\"logo\":{\"@type\":\"ImageObject\",\"inLanguage\":\"en-US\",\"@id\":\"https:\\\/\\\/www.hds.bme.hu\\\/en\\\/#\\\/schema\\\/logo\\\/image\\\/\",\"url\":\"https:\\\/\\\/www.hds.bme.hu\\\/wp-content\\\/uploads\\\/2025\\\/10\\\/cropped-HDR_logo_hatter_nelkul.png\",\"contentUrl\":\"https:\\\/\\\/www.hds.bme.hu\\\/wp-content\\\/uploads\\\/2025\\\/10\\\/cropped-HDR_logo_hatter_nelkul.png\",\"width\":512,\"height\":512,\"caption\":\"BME Department of Hydrodynamic Systems\"},\"image\":{\"@id\":\"https:\\\/\\\/www.hds.bme.hu\\\/en\\\/#\\\/schema\\\/logo\\\/image\\\/\"}}]}<\/script>\n<!-- \/ Yoast SEO plugin. -->","yoast_head_json":{"title":"Projects - BME Department of Hydrodynamic Systems","robots":{"index":"index","follow":"follow","max-snippet":"max-snippet:-1","max-image-preview":"max-image-preview:large","max-video-preview":"max-video-preview:-1"},"canonical":"https:\/\/www.hds.bme.hu\/en\/research\/applications\/","og_locale":"en_US","og_type":"article","og_title":"Projects - BME Department of Hydrodynamic Systems","og_url":"https:\/\/www.hds.bme.hu\/en\/research\/applications\/","og_site_name":"BME Department of Hydrodynamic Systems","article_modified_time":"2025-09-30T18:46:34+00:00","twitter_card":"summary_large_image","twitter_misc":{"Est. reading time":"1 minute"},"schema":{"@context":"https:\/\/schema.org","@graph":[{"@type":"WebPage","@id":"https:\/\/www.hds.bme.hu\/en\/research\/applications\/","url":"https:\/\/www.hds.bme.hu\/en\/research\/applications\/","name":"Projects - BME Department of Hydrodynamic Systems","isPartOf":{"@id":"https:\/\/www.hds.bme.hu\/en\/#website"},"datePublished":"2024-12-06T10:02:35+00:00","dateModified":"2025-09-30T18:46:34+00:00","breadcrumb":{"@id":"https:\/\/www.hds.bme.hu\/en\/research\/applications\/#breadcrumb"},"inLanguage":"en-US","potentialAction":[{"@type":"ReadAction","target":["https:\/\/www.hds.bme.hu\/en\/research\/applications\/"]}]},{"@type":"BreadcrumbList","@id":"https:\/\/www.hds.bme.hu\/en\/research\/applications\/#breadcrumb","itemListElement":[{"@type":"ListItem","position":1,"name":"Kezd\u0151lap","item":"https:\/\/www.hds.bme.hu\/en\/home\/"},{"@type":"ListItem","position":2,"name":"Research","item":"https:\/\/www.hds.bme.hu\/en\/research\/"},{"@type":"ListItem","position":3,"name":"Projects"}]},{"@type":"WebSite","@id":"https:\/\/www.hds.bme.hu\/en\/#website","url":"https:\/\/www.hds.bme.hu\/en\/","name":"BME Hidrodinamikai Rendszerek Tansz\u00e9k","description":"","publisher":{"@id":"https:\/\/www.hds.bme.hu\/en\/#organization"},"potentialAction":[{"@type":"SearchAction","target":{"@type":"EntryPoint","urlTemplate":"https:\/\/www.hds.bme.hu\/en\/?s={search_term_string}"},"query-input":{"@type":"PropertyValueSpecification","valueRequired":true,"valueName":"search_term_string"}}],"inLanguage":"en-US"},{"@type":"Organization","@id":"https:\/\/www.hds.bme.hu\/en\/#organization","name":"BME Department of Hydrodynamic Systems","url":"https:\/\/www.hds.bme.hu\/en\/","logo":{"@type":"ImageObject","inLanguage":"en-US","@id":"https:\/\/www.hds.bme.hu\/en\/#\/schema\/logo\/image\/","url":"https:\/\/www.hds.bme.hu\/wp-content\/uploads\/2025\/10\/cropped-HDR_logo_hatter_nelkul.png","contentUrl":"https:\/\/www.hds.bme.hu\/wp-content\/uploads\/2025\/10\/cropped-HDR_logo_hatter_nelkul.png","width":512,"height":512,"caption":"BME Department of Hydrodynamic Systems"},"image":{"@id":"https:\/\/www.hds.bme.hu\/en\/#\/schema\/logo\/image\/"}}]}},"_links":{"self":[{"href":"https:\/\/www.hds.bme.hu\/en\/wp-json\/wp\/v2\/pages\/4954","targetHints":{"allow":["GET"]}}],"collection":[{"href":"https:\/\/www.hds.bme.hu\/en\/wp-json\/wp\/v2\/pages"}],"about":[{"href":"https:\/\/www.hds.bme.hu\/en\/wp-json\/wp\/v2\/types\/page"}],"author":[{"embeddable":true,"href":"https:\/\/www.hds.bme.hu\/en\/wp-json\/wp\/v2\/users\/2"}],"replies":[{"embeddable":true,"href":"https:\/\/www.hds.bme.hu\/en\/wp-json\/wp\/v2\/comments?post=4954"}],"version-history":[{"count":0,"href":"https:\/\/www.hds.bme.hu\/en\/wp-json\/wp\/v2\/pages\/4954\/revisions"}],"up":[{"embeddable":true,"href":"https:\/\/www.hds.bme.hu\/en\/wp-json\/wp\/v2\/pages\/5082"}],"wp:attachment":[{"href":"https:\/\/www.hds.bme.hu\/en\/wp-json\/wp\/v2\/media?parent=4954"}],"curies":[{"name":"wp","href":"https:\/\/api.w.org\/{rel}","templated":true}]}}